{"id":1103,"date":"2021-02-22T15:27:39","date_gmt":"2021-02-22T14:27:39","guid":{"rendered":"https:\/\/www.abruzzobc.net\/?page_id=1103"},"modified":"2021-03-11T14:08:59","modified_gmt":"2021-03-11T13:08:59","slug":"tecnologia","status":"publish","type":"page","link":"https:\/\/www.abruzzobc.net\/en\/tecnologia\/","title":{"rendered":"Tecnologia"},"content":{"rendered":"<p><div class=\"fusion-bg-parallax\" data-bg-align=\"center center\" data-direction=\"down\" data-mute=\"false\" data-opacity=\"100\" data-velocity=\"-0.3\" data-mobile-enabled=\"false\" data-break_parents=\"0\" data-bg-image=\"https:\/\/www.abruzzobc.net\/wp-content\/uploads\/2021\/02\/bg.jpg\" data-bg-repeat=\"false\" data-bg-color=\"rgba(0,0,0,0.44)\" data-blend-mode=\"overlay\" ><\/div><div class=\"fusion-fullwidth fullwidth-box fusion-builder-row-1 fusion-flex-container fusion-parallax-down nonhundred-percent-fullwidth non-hundred-percent-height-scrolling\" style=\"background-color: rgba(0,0,0,0.44);background-image: url(&quot;https:\/\/www.abruzzobc.net\/wp-content\/uploads\/2021\/02\/bg.jpg&quot;);background-position: center center;background-repeat: no-repeat;background-blend-mode: overlay;border-width: 0px 0px 0px 0px;border-color:#eae9e9;border-style:solid;-webkit-background-size:cover;-moz-background-size:cover;-o-background-size:cover;background-size:cover;\" ><div class=\"fusion-builder-row fusion-row fusion-flex-align-items-center fusion-flex-align-content-center\" style=\"max-width:1248px;margin-left: calc(-4% \/ 2 );margin-right: calc(-4% \/ 2 );\"><div class=\"fusion-layout-column fusion_builder_column fusion-builder-column-0 fusion_builder_column_1_1 1_1 fusion-flex-column fusion-animated\" data-animationType=\"fadeInUp\" data-animationDuration=\"0.3\" data-animationOffset=\"100%\"><div class=\"fusion-column-wrapper fusion-flex-justify-content-flex-start fusion-content-layout-column\" style=\"background-position:left top;background-repeat:no-repeat;-webkit-background-size:cover;-moz-background-size:cover;-o-background-size:cover;background-size:cover;padding: 0px 0px 0px 0px;\"><style type=\"text\/css\">@media only screen and (max-width:1024px) {.fusion-title.fusion-title-1{margin-top:0px!important;margin-bottom:31px!important;}}<\/style><div class=\"fusion-title title fusion-title-1 fusion-title-text fusion-title-size-one title colorWhite\" style=\"margin-top:0px;margin-bottom:31px;\"><div class=\"title-sep-container title-sep-container-left fusion-no-large-visibility fusion-no-medium-visibility fusion-no-small-visibility\"><div class=\"title-sep sep-\" style=\"border-color:#e0dede;\"><\/div><\/div><h1 class=\"title-heading-left\" style=\"margin:0;\">Tecnologia<\/h1><div class=\"title-sep-container title-sep-container-right\"><div class=\"title-sep sep-\" style=\"border-color:#e0dede;\"><\/div><\/div><\/div><\/div><\/div><style type=\"text\/css\">.fusion-body .fusion-builder-column-0{width:100% !important;margin-top : 2%;margin-bottom : 40px;}.fusion-builder-column-0 > .fusion-column-wrapper {padding-top : 0px !important;padding-right : 0px !important;margin-right : 1.92%;padding-bottom : 0px !important;padding-left : 0px !important;margin-left : 1.92%;}@media only screen and (max-width:1024px) {.fusion-body .fusion-builder-column-0{width:50% !important;order : 0;}.fusion-builder-column-0 > .fusion-column-wrapper {margin-right : 3.84%;margin-left : 3.84%;}}@media only screen and (max-width:640px) {.fusion-body .fusion-builder-column-0{width:100% !important;order : 0;}.fusion-builder-column-0 > .fusion-column-wrapper {margin-right : 1.92%;margin-left : 1.92%;}}<\/style><\/div><style type=\"text\/css\">.fusion-body .fusion-flex-container.fusion-builder-row-1{ padding-top : 100px;margin-top : 0px;padding-right : 0px;padding-bottom : 100px;margin-bottom : 0px;padding-left : 0px;}<\/style><\/div><div class=\"fusion-fullwidth fullwidth-box fusion-builder-row-2 fusion-flex-container nonhundred-percent-fullwidth non-hundred-percent-height-scrolling\" style=\"background-color: rgba(255,255,255,0);background-position: center center;background-repeat: no-repeat;border-width: 0px 0px 0px 0px;border-color:#eae9e9;border-style:solid;\" ><div class=\"fusion-builder-row fusion-row fusion-flex-align-items-flex-start\" style=\"max-width:1248px;margin-left: calc(-4% \/ 2 );margin-right: calc(-4% \/ 2 );\"><div class=\"fusion-layout-column fusion_builder_column fusion-builder-column-1 fusion_builder_column_1_1 1_1 fusion-flex-column fusion-animated\" data-animationType=\"fadeInUp\" data-animationDuration=\"0.3\" data-animationOffset=\"100%\"><div class=\"fusion-column-wrapper fusion-flex-justify-content-flex-start fusion-content-layout-column\" style=\"background-position:left top;background-repeat:no-repeat;-webkit-background-size:cover;-moz-background-size:cover;-o-background-size:cover;background-size:cover;padding: 0px 0px 0px 0px;\"><div class=\"fusion-text fusion-text-1\" style=\"transform:translate3d(0,0,0);\"><p>ABC Abruzzo Blockchain \u00e8 una piattaforma che permette alle aziende di creare un certificato digitale di autenticit\u00e0 partendo dalla storia del prodotto.<\/p>\n<p>Il certificato digitale garantisce la storia del prodotto e dell\u2019azienda, evidenziando tutti i passaggi di valore della produzione, offrendo al consumatore un nuovo canale diretto con l\u2019azienda aumentando la fidelizzazione.<\/p>\n<p>La piattaforma permette di condividere con i consumatori e con tutti gli attori della filiera le informazioni raccolte durante il processo di produzione di un prodotto al fine di garantire <strong><em>trasparenza<\/em><\/strong>, <strong><em>fiducia<\/em><\/strong> e <strong><em>tracciabilit\u00e0<\/em><\/strong>.<\/p>\n<p>La piattaforma \u00e8 studiata inizialmente per gli attori del sistema agroalimentare e moda, ma pu\u00f2 essere esteso anche ad altre realt\u00e0.<\/p>\n<\/div><\/div><\/div><style type=\"text\/css\">.fusion-body .fusion-builder-column-1{width:100% !important;margin-top : 0px;margin-bottom : 20px;}.fusion-builder-column-1 > .fusion-column-wrapper {padding-top : 0px !important;padding-right : 0px !important;margin-right : 1.92%;padding-bottom : 0px !important;padding-left : 0px !important;margin-left : 1.92%;}@media only screen and (max-width:1024px) {.fusion-body .fusion-builder-column-1{width:100% !important;order : 0;}.fusion-builder-column-1 > .fusion-column-wrapper {margin-right : 1.92%;margin-left : 1.92%;}}@media only screen and (max-width:640px) {.fusion-body .fusion-builder-column-1{width:100% !important;order : 0;}.fusion-builder-column-1 > .fusion-column-wrapper {margin-right : 1.92%;margin-left : 1.92%;}}<\/style><div class=\"fusion-layout-column fusion_builder_column fusion-builder-column-2 fusion_builder_column_1_1 1_1 fusion-flex-column fusion-animated\" data-animationType=\"fadeInUp\" data-animationDuration=\"0.3\" data-animationOffset=\"100%\"><div class=\"fusion-column-wrapper fusion-flex-justify-content-flex-start fusion-content-layout-column\" style=\"background-position:left top;background-repeat:no-repeat;-webkit-background-size:cover;-moz-background-size:cover;-o-background-size:cover;background-size:cover;padding: 0px 0px 0px 0px;\"><style type=\"text\/css\">@media only screen and (max-width:1024px) {.fusion-title.fusion-title-2{margin-top:0px!important;margin-bottom:31px!important;}}<\/style><div class=\"fusion-title title fusion-title-2 fusion-title-text fusion-title-size-two\" style=\"margin-top:0px;margin-bottom:31px;\"><div class=\"title-sep-container title-sep-container-left fusion-no-large-visibility fusion-no-medium-visibility fusion-no-small-visibility\"><div class=\"title-sep sep-\" style=\"border-color:#e0dede;\"><\/div><\/div><h2 class=\"title-heading-left\" style=\"margin:0;\"><h2>La piattaforma ABC Abruzzo Blockchain<\/h2><\/h2><div class=\"title-sep-container title-sep-container-right\"><div class=\"title-sep sep-\" style=\"border-color:#e0dede;\"><\/div><\/div><\/div><div class=\"fusion-text fusion-text-2\" style=\"transform:translate3d(0,0,0);\"><p><strong>ABC Abruzzo Blockchain<\/strong> nasce per dotare le PMI del territorio di una piattaforma in grado di creare un nuovo canale di comunicazione con i consumatori (Direct to Consumer \u2013 D2C) basato su informazioni di tracciabilit\u00e0 verificabili con pi\u00f9 livelli di fiducia (timestamping. Identity ecc.)<\/p>\n<p><strong>ABC Abruzzo Blockchain<\/strong> \u00e8 una piattaforma \u201cSoftware as a Service\u201d che risponde all\u2019esigenze di un numero crescente di aziende dalle microimprese alle pi\u00f9 grandi e strutturate. <strong>ABC<\/strong> nasce per essere il modo pi\u00f9 semplice e veloce per strutturare il racconto di un prodotto, attraverso la definizione delle persone e dei luoghi chiave che caratterizzano il processo di produzione del medesimo.<\/p>\n<\/div><div style=\"text-align:center;\"><span class=\" fusion-imageframe imageframe-none imageframe-1 hover-type-none\" style=\"width:100%;max-width:100%;\"><img decoding=\"async\" width=\"1024\" height=\"576\" title=\"Progetto_senza_titolo_15\" src=\"https:\/\/www.abruzzobc.net\/wp-content\/uploads\/2021\/03\/Progetto_senza_titolo_15-1024x576.png\" class=\"img-responsive wp-image-1436\" srcset=\"https:\/\/www.abruzzobc.net\/wp-content\/uploads\/2021\/03\/Progetto_senza_titolo_15-200x112.png 200w, https:\/\/www.abruzzobc.net\/wp-content\/uploads\/2021\/03\/Progetto_senza_titolo_15-400x225.png 400w, https:\/\/www.abruzzobc.net\/wp-content\/uploads\/2021\/03\/Progetto_senza_titolo_15-600x337.png 600w, https:\/\/www.abruzzobc.net\/wp-content\/uploads\/2021\/03\/Progetto_senza_titolo_15-800x450.png 800w, https:\/\/www.abruzzobc.net\/wp-content\/uploads\/2021\/03\/Progetto_senza_titolo_15-1200x675.png 1200w, https:\/\/www.abruzzobc.net\/wp-content\/uploads\/2021\/03\/Progetto_senza_titolo_15.png 1300w\" sizes=\"(max-width: 1024px) 100vw, (max-width: 640px) 100vw, 1200px\" \/><\/span><\/div><div class=\"fusion-text fusion-text-3\" style=\"transform:translate3d(0,0,0);\"><p><strong>ABC Abruzzo Blockchain<\/strong> integra la notarizzazione su blockchain pubblica di Bitcoin in quanto l\u2019obiettivo del progetto \u00e8 offrire sicurezza e tutela sulle informazioni che vengono scambiate.<\/p>\n<p>La piattaforma si compone di tre componenti principali:<\/p>\n<ul>\n<li><strong>ABC Abruzzo Blockchain <em>Back-office<\/em><\/strong> anche detta Piattaforma di gestione prodotti. Il Back-office permette all\u2019azienda di:\n<ul>\n<li>Modificare le informazioni di marketing della societ\u00e0 (loghi, descrizioni, immagini ecc.);<\/li>\n<li>Modificare le informazioni relative ai luoghi (descrizioni, foto ecc.);<\/li>\n<li>Modificare i prodotti e le informazioni correlate (descrizioni, foto ecc.);<\/li>\n<li>Inserimento dati dei lotti;<\/li>\n<li>Visualizzare i QR-Code della piattaforma da inserire sui prodotti (QR-Code di prodotto e QR-Code di lotto);<\/li>\n<\/ul>\n<\/li>\n<li><strong><em>ABC Abruzzo Blockchain Rest-API<\/em><\/strong> \u00e8 l\u2019interfaccia che pu\u00f2 essere utilizzata per automatizzare il processo di data-entry e per esportare i dati (e le notarizzazioni) salvati su piattaforme esterne (e-commerce o siti web aziendali)<\/li>\n<li><strong><em>ABC Abruzzo Blockchain Pagina Pubblica<\/em><\/strong> \u00e8 l\u2019interfaccia offerta dalla piattaforma \u00ec per il consumatore che vuole approfondire la storia del prodotto andando ad approfondire la tracciabilit\u00e0, le caratteristiche e la descrizione del prodotto.<\/li>\n<\/ul>\n<h2>Le Tecnologie dietro ad ABC Abruzzo Blockchain<\/h2>\n<h3>Blockchain<\/h3>\n<p>La Blockchain\u00a0\u00e8 sostanzialmente un registro informatico e deve il suo nome (in italiano: catena di blocchi) al fatto che memorizza i dati delle transazioni in\u00a0<em>blocchi<\/em> collegati tra loro a formare una\u00a0<em>catena<\/em>, e la sua gestione avviene secondo regole concordate da tutti i partecipanti.<\/p>\n<p>In particolare, permette di realizzare una maggiore inter-connessione e cooperazione tra i diversi soggetti che operano nell\u2019ambito di filiere e catene del valore, portando a una migliore gestione dei processi aziendali e interaziendali e una maggiore efficienza complessiva del sistema. Soprattutto, la possibilit\u00e0 di notarizzare gli scambi, renderli tracciabili, dandone anche trasparenza, rende la Blockchain una tecnologia particolarmente adatta a <strong>dare valore alle filiere del nostro Made in Italy come l\u2019agroalimentare e il fashion, contribuendo anche alla lotta alla contraffazione<\/strong>.<\/p>\n<h3>I vantaggi per le imprese e il loro sistema di marketing<\/h3>\n<p>Utilizzare una tecnologia Blockchain permette di:<\/p>\n<ul>\n<li>una maggiore sicurezza del sistema per via della decentralizzazione,<\/li>\n<li>la trasparenza del contenuto del registro per tutti i partecipanti,<\/li>\n<li>la tracciabilit\u00e0 di tutti i trasferimenti registrati potendo risalire alla loro esatta provenienza<\/li>\n<li>controlli diffusi<\/li>\n<li>riduzione dei contenziosi<\/li>\n<\/ul>\n<p>Tutto questo fa s\u00ec che anche il livello di <strong>fiducia<\/strong> necessario tra i partecipanti si abbassi: in pratica, <strong>il modo stesso in cui la Blockchain funziona crea fiducia nei partecipanti<\/strong>.<\/p>\n<h3>Notarizzazione<\/h3>\n<p>ABC Abruzzo Blockchain utilizza la tecnologia Blockchain per notarizzare i dati, sebbene questo sia uno degli use-case pi\u00f9 semplici della Blockchain, mette nelle mani delle aziende un potente strumento di fiducia tra le aziende, i fornitori ed i consumatori.<\/p>\n<p>Quando si parla di garantire le informazioni mediante la tecnologia Blockchain non si deve parlare di \u201ccertificazione\u201d, ma si deve utilizzare il termine \u201c<strong>notarizzazione<\/strong>\u201d, che presuppone di far fare alla tecnologia le uniche due cose che ad essa si possono realmente delegare, ovvero:<\/p>\n<ul>\n<li>L\u2019esistenza dell\u2019informazione (vera o falsa che sia) a partire da una data (<em>timestamping<\/em>);<\/li>\n<li>La sua immutabilit\u00e0 nel tempo (<em>immutability<\/em>)<\/li>\n<\/ul>\n<p>L\u2019utilizzo della blockchain, non garantisce la veridicit\u00e0 di una informazioni, ovvero non garantisce che un prodotto alimentare abbia seguito una certa filiera oppure che un capo di abbigliamento sia stato realizzato in un determinato paese.<\/p>\n<p>La Blockchain non sostituisce la certificazione che si occupa di verifcare un determinato metodo di produzione, dal punto di vista metodologico, con apposite procedure e controlli dedicati.<\/p>\n<p>La Blockchain garantisce che le buone pratiche di produzione, le certificazioni e tutto quello che \u00e8 in campo e certificato attraverso processi standard viene riconfermato per ogni produzione. In pratica la Blockchain permette di riconfermare in modo immutabile gli impegni presi dall&#8217;azienda.<\/p>\n<p>Una marca temporale in Blockchain \u00e8 composta da:<\/p>\n<ul>\n<li><strong><em>Un documento PDF<\/em><\/strong> generato a partire dalle informazioni presentate dalla piattaforme. In questo modo si \u00e8 sicuri delle informazioni cristallizzate.<\/li>\n<li>Un <strong><em>documento di firma .ots<\/em><\/strong> il seguente documento permette di ricostruire attraverso funzioni matematiche e crittografiche la transazione con la quale \u00e8 stata registrata l&#8217;informazione su Bitcoin e quindi la data e ora relativa.<\/li>\n<\/ul>\n<p>Attraverso questi due file \u00e8 possibile verificare ce le informazioni sono vere e sono state dichiarate in quella data e ora (timestamping e immutabilit\u00e0).<\/p>\n<h3>Certificato Digitale<\/h3>\n<p>Un certificato digitale garantisce il tuo prodotto, sia esso destinato ad un consumatore o a un cliente finale, sia esso un semi-lavorato per un prodotto finale. Con l&#8217;Industria 4.0 e la trasformazione digitale hanno permesso ad ogni attore di filiera di informatizzarsi, molti processi sono stati snelliti, ma spesso e volentieri questa efficienza \u00e8 ricchezza di informazioni rimane confinata all&#8217;interno dell&#8217;azienda.<\/p>\n<p>ABC Abruzzo Blockchain intende valorizzare questo patrimonio informativo che le aziende hanno a disposizione. La piattaforma permette infatti di creare una identit\u00e0 digitale per ogni ordine, prodotto e lotto in modo che i vari passaggi sono arricchiti di informazioni.<\/p>\n<\/div><\/div><\/div><style type=\"text\/css\">.fusion-body .fusion-builder-column-2{width:100% !important;margin-top : 0px;margin-bottom : 20px;}.fusion-builder-column-2 > .fusion-column-wrapper {padding-top : 0px !important;padding-right : 0px !important;margin-right : 1.92%;padding-bottom : 0px !important;padding-left : 0px !important;margin-left : 1.92%;}@media only screen and (max-width:1024px) {.fusion-body .fusion-builder-column-2{width:100% !important;order : 0;}.fusion-builder-column-2 > .fusion-column-wrapper {margin-right : 1.92%;margin-left : 1.92%;}}@media only screen and (max-width:640px) {.fusion-body .fusion-builder-column-2{width:100% !important;order : 0;}.fusion-builder-column-2 > .fusion-column-wrapper {margin-right : 1.92%;margin-left : 1.92%;}}<\/style><\/div><style type=\"text\/css\">.fusion-body .fusion-flex-container.fusion-builder-row-2{ padding-top : 50px;margin-top : 0px;padding-right : 0px;padding-bottom : 50px;margin-bottom : 0px;padding-left : 0px;}<\/style><\/div><div class=\"fusion-bg-parallax\" data-bg-align=\"center center\" data-direction=\"down\" data-mute=\"false\" data-opacity=\"100\" data-velocity=\"-0.3\" data-mobile-enabled=\"false\" data-break_parents=\"0\" data-bg-image=\"https:\/\/www.abruzzobc.net\/wp-content\/uploads\/2021\/02\/bg.jpg\" data-bg-repeat=\"false\" data-bg-color=\"rgba(0,0,0,0.44)\" data-blend-mode=\"overlay\" ><\/div><div class=\"fusion-fullwidth fullwidth-box fusion-builder-row-3 fusion-flex-container fusion-parallax-down nonhundred-percent-fullwidth non-hundred-percent-height-scrolling\" style=\"background-color: rgba(0,0,0,0.44);background-image: url(&quot;https:\/\/www.abruzzobc.net\/wp-content\/uploads\/2021\/02\/bg.jpg&quot;);background-position: center center;background-repeat: no-repeat;background-blend-mode: overlay;border-width: 0px 0px 0px 0px;border-color:#eae9e9;border-style:solid;-webkit-background-size:cover;-moz-background-size:cover;-o-background-size:cover;background-size:cover;\" ><div class=\"fusion-builder-row fusion-row fusion-flex-align-items-center fusion-flex-align-content-center\" style=\"max-width:1248px;margin-left: calc(-4% \/ 2 );margin-right: calc(-4% \/ 2 );\"><div class=\"fusion-layout-column fusion_builder_column fusion-builder-column-3 fusion_builder_column_2_3 2_3 fusion-flex-column fusion-animated\" data-animationType=\"fadeInUp\" data-animationDuration=\"0.3\" data-animationOffset=\"100%\"><div class=\"fusion-column-wrapper fusion-flex-justify-content-flex-start fusion-content-layout-column\" style=\"background-position:left top;background-repeat:no-repeat;-webkit-background-size:cover;-moz-background-size:cover;-o-background-size:cover;background-size:cover;padding: 0px 0px 0px 0px;\"><style type=\"text\/css\">@media only screen and (max-width:1024px) {.fusion-title.fusion-title-3{margin-top:0px!important;margin-bottom:31px!important;}}<\/style><div class=\"fusion-title title fusion-title-3 fusion-title-text fusion-title-size-three title colorWhite\" style=\"margin-top:0px;margin-bottom:31px;\"><div class=\"title-sep-container title-sep-container-left fusion-no-large-visibility fusion-no-medium-visibility fusion-no-small-visibility\"><div class=\"title-sep sep-\" style=\"border-color:#e0dede;\"><\/div><\/div><h3 class=\"title-heading-left\" style=\"margin:0;\">Aderisci alla piattaforma<\/h3><div class=\"title-sep-container title-sep-container-right\"><div class=\"title-sep sep-\" style=\"border-color:#e0dede;\"><\/div><\/div><\/div><div class=\"fusion-text fusion-text-4\" style=\"color:rgba(255,255,255,0.9);transform:translate3d(0,0,0);\"><p>Ottieni informazioni per aderire alla piattaforma ABC Abruzzo Blockchain<\/p>\n<\/div><\/div><\/div><style type=\"text\/css\">.fusion-body .fusion-builder-column-3{width:66.666666666667% !important;margin-top : 2%;margin-bottom : 40px;}.fusion-builder-column-3 > .fusion-column-wrapper {padding-top : 0px !important;padding-right : 0px !important;margin-right : 2.88%;padding-bottom : 0px !important;padding-left : 0px !important;margin-left : 2.88%;}@media only screen and (max-width:1024px) {.fusion-body .fusion-builder-column-3{width:50% !important;order : 0;}.fusion-builder-column-3 > .fusion-column-wrapper {margin-right : 3.84%;margin-left : 3.84%;}}@media only screen and (max-width:640px) {.fusion-body .fusion-builder-column-3{width:100% !important;order : 0;}.fusion-builder-column-3 > .fusion-column-wrapper {margin-right : 1.92%;margin-left : 1.92%;}}<\/style><div class=\"fusion-layout-column fusion_builder_column fusion-builder-column-4 fusion_builder_column_1_3 1_3 fusion-flex-column fusion-animated\" data-animationType=\"fadeInUp\" data-animationDuration=\"0.3\" data-animationOffset=\"100%\"><div class=\"fusion-column-wrapper fusion-flex-justify-content-flex-start fusion-content-layout-column\" style=\"background-position:left top;background-repeat:no-repeat;-webkit-background-size:cover;-moz-background-size:cover;-o-background-size:cover;background-size:cover;padding: 0px 0px 0px 0px;\"><div style=\"text-align:center;\"><style type=\"text\/css\">.fusion-button.button-1 {border-radius:30px;}<\/style><a class=\"fusion-button button-flat fusion-button-default-size button-default button-1 fusion-button-default-span fusion-button-default-type myButton\" target=\"_blank\" rel=\"noopener noreferrer\" href=\"https:\/\/it.surveymonkey.com\/r\/AbruzzoBlockchain\"><span class=\"fusion-button-text\">Aderisci<\/span><i class=\"fa-angle-right fas button-icon-right\" aria-hidden=\"true\"><\/i><\/a><\/div><\/div><\/div><style type=\"text\/css\">.fusion-body .fusion-builder-column-4{width:33.333333333333% !important;margin-top : 2%;margin-bottom : 40px;}.fusion-builder-column-4 > .fusion-column-wrapper {padding-top : 0px !important;padding-right : 0px !important;margin-right : 5.76%;padding-bottom : 0px !important;padding-left : 0px !important;margin-left : 5.76%;}@media only screen and (max-width:1024px) {.fusion-body .fusion-builder-column-4{width:50% !important;order : 0;}.fusion-builder-column-4 > .fusion-column-wrapper {margin-right : 3.84%;margin-left : 3.84%;}}@media only screen and (max-width:640px) {.fusion-body .fusion-builder-column-4{width:100% !important;order : 0;}.fusion-builder-column-4 > .fusion-column-wrapper {margin-right : 1.92%;margin-left : 1.92%;}}<\/style><\/div><style type=\"text\/css\">.fusion-body .fusion-flex-container.fusion-builder-row-3{ padding-top : 100px;margin-top : 0px;padding-right : 0px;padding-bottom : 100px;margin-bottom : 0px;padding-left : 0px;}<\/style><\/div><\/p>\n","protected":false},"excerpt":{"rendered":"","protected":false},"author":1,"featured_media":0,"parent":0,"menu_order":0,"comment_status":"closed","ping_status":"closed","template":"100-width.php","meta":{"footnotes":""},"class_list":["post-1103","page","type-page","status-publish","hentry"],"yoast_head":"<!-- This site is optimized with the Yoast SEO plugin v15.9.1 - https:\/\/yoast.com\/wordpress\/plugins\/seo\/ -->\n<title>Tecnologia - ABC Abruzzo Blockchain<\/title>\n<link rel=\"canonical\" href=\"https:\/\/www.abruzzobc.net\/tecnologia\/\" \/>\n<meta property=\"og:locale\" content=\"en_GB\" \/>\n<meta property=\"og:type\" content=\"article\" \/>\n<meta property=\"og:title\" content=\"Tecnologia\" \/>\n<meta property=\"og:url\" content=\"https:\/\/www.abruzzobc.net\/tecnologia\/\" \/>\n<meta property=\"og:site_name\" content=\"ABC Abruzzo Blockchain\" \/>\n<meta property=\"article:modified_time\" content=\"2021-03-11T13:08:59+00:00\" \/>\n<meta name=\"twitter:card\" content=\"summary_large_image\" \/>\n<meta name=\"twitter:label1\" content=\"Estimated reading time\">\n\t<meta name=\"twitter:data1\" content=\"10 minutes\">\n<script type=\"application\/ld+json\" class=\"yoast-schema-graph\">{\"@context\":\"https:\/\/schema.org\",\"@graph\":[{\"@type\":\"WebSite\",\"@id\":\"https:\/\/www.abruzzobc.it\/#website\",\"url\":\"https:\/\/www.abruzzobc.it\/\",\"name\":\"ABC Abruzzo Blockchain\",\"description\":\"\",\"potentialAction\":[{\"@type\":\"SearchAction\",\"target\":\"https:\/\/www.abruzzobc.it\/?s={search_term_string}\",\"query-input\":\"required name=search_term_string\"}],\"inLanguage\":\"en-GB\"},{\"@type\":\"WebPage\",\"@id\":\"https:\/\/www.abruzzobc.net\/tecnologia\/#webpage\",\"url\":\"https:\/\/www.abruzzobc.net\/tecnologia\/\",\"name\":\"[:it]Tecnologia[:] - ABC Abruzzo Blockchain\",\"isPartOf\":{\"@id\":\"https:\/\/www.abruzzobc.it\/#website\"},\"datePublished\":\"2021-02-22T14:27:39+00:00\",\"dateModified\":\"2021-03-11T13:08:59+00:00\",\"breadcrumb\":{\"@id\":\"https:\/\/www.abruzzobc.net\/tecnologia\/#breadcrumb\"},\"inLanguage\":\"en-GB\",\"potentialAction\":[{\"@type\":\"ReadAction\",\"target\":[\"https:\/\/www.abruzzobc.net\/tecnologia\/\"]}]},{\"@type\":\"BreadcrumbList\",\"@id\":\"https:\/\/www.abruzzobc.net\/tecnologia\/#breadcrumb\",\"itemListElement\":[{\"@type\":\"ListItem\",\"position\":1,\"item\":{\"@type\":\"WebPage\",\"@id\":\"https:\/\/www.abruzzobc.net\/tecnologia\/\",\"url\":\"https:\/\/www.abruzzobc.net\/tecnologia\/\",\"name\":\"Tecnologia\"}}]}]}<\/script>\n<!-- \/ Yoast SEO plugin. -->","_links":{"self":[{"href":"https:\/\/www.abruzzobc.net\/en\/wp-json\/wp\/v2\/pages\/1103","targetHints":{"allow":["GET"]}}],"collection":[{"href":"https:\/\/www.abruzzobc.net\/en\/wp-json\/wp\/v2\/pages"}],"about":[{"href":"https:\/\/www.abruzzobc.net\/en\/wp-json\/wp\/v2\/types\/page"}],"author":[{"embeddable":true,"href":"https:\/\/www.abruzzobc.net\/en\/wp-json\/wp\/v2\/users\/1"}],"replies":[{"embeddable":true,"href":"https:\/\/www.abruzzobc.net\/en\/wp-json\/wp\/v2\/comments?post=1103"}],"version-history":[{"count":20,"href":"https:\/\/www.abruzzobc.net\/en\/wp-json\/wp\/v2\/pages\/1103\/revisions"}],"predecessor-version":[{"id":1506,"href":"https:\/\/www.abruzzobc.net\/en\/wp-json\/wp\/v2\/pages\/1103\/revisions\/1506"}],"wp:attachment":[{"href":"https:\/\/www.abruzzobc.net\/en\/wp-json\/wp\/v2\/media?parent=1103"}],"curies":[{"name":"wp","href":"https:\/\/api.w.org\/{rel}","templated":true}]}}